{"id":2,"date":"2007-11-15T16:45:50","date_gmt":"2007-11-15T15:45:50","guid":{"rendered":""},"modified":"2024-05-02T14:00:26","modified_gmt":"2024-05-02T12:00:26","slug":"acerca-de","status":"publish","type":"page","link":"http:\/\/www.oscar-web.eu\/blog\/?page_id=2","title":{"rendered":"delineante proyectista | CAD | BIM"},"content":{"rendered":"<p>En 1996 obtuve el t\u00edtulo de <strong>delineante<\/strong>, especialidad de edificios y obras, en el Instituto \u00abEl Grao\u00bb de Valencia, el primer centro de FP en Valencia que introdujo el CAD en los estudios de <strong>delineaci\u00f3n<\/strong>, gracias a lo cual comenc\u00e9 a usar <strong>AutoCAD<\/strong> 10 en el a\u00f1o 1992, haciendo siempre hasta hoy el esfuerzo de mantenerme siempre actualizado a la versi\u00f3n vigente.<\/p>\n<p>Hasta ahora he seguido form\u00e1ndome y recicl\u00e1ndome para poder aportar m\u00e1s y ser mejor en mi trabajo. Destacando el aprendizaje de<strong> idiomas<\/strong>, <strong>topograf\u00eda<\/strong> y diversos cursos de<strong> Revit<\/strong>. Postgraduado en gesti\u00f3n de proyectos <strong>BIM<\/strong> por la Universidad Europea de Valencia en 2019.<\/p>\n<address>Puedes usar los comentarios para contactar conmigo.<\/address>\n<p><a class=\"alignleft\" title=\"delineante | desarrollador web | Valencia\" href=\"http:\/\/www.oscar-web.eu\" target=\"_self\" rel=\"noopener noreferrer\">-&gt; Ir a mi web<\/a><\/p>\n<p><a title=\"\u00d2scar Selfa. Delineaci\u00f3 i Disseny\" href=\"http:\/\/www.oscar-web.eu\"><img loading=\"lazy\" decoding=\"async\" title=\"\u00d2scar Selfa. Delineaci\u00f3 i Disseny.\" src=\"http:\/\/oscar-web.eu\/img\/logoOscarSelfaDelineant.jpg\" alt=\"\u00d2scar Selfa. Delineaci\u00f3 i Disseny.\" width=\"332\" height=\"105\" \/><\/a><\/p>\n<!-- AddThis Advanced Settings generic via filter on the_content --><!-- AddThis Share Buttons generic via filter on the_content -->","protected":false},"excerpt":{"rendered":"<p>En 1996 obtuve el t\u00edtulo de delineante, especialidad de edificios y obras, en el Instituto \u00abEl Grao\u00bb de Valencia, el primer centro de FP en Valencia que introdujo el CAD en los estudios de delineaci\u00f3n, gracias a lo cual comenc\u00e9 a usar AutoCAD 10 en el a\u00f1o 1992, haciendo siempre hasta hoy el esfuerzo de [&hellip;]<!-- AddThis Advanced Settings generic via filter on get_the_excerpt --><!-- AddThis Share Buttons generic via filter on get_the_excerpt --><\/p>\n","protected":false},"author":1,"featured_media":0,"parent":0,"menu_order":0,"comment_status":"open","ping_status":"open","template":"","meta":{"footnotes":""},"class_list":["post-2","page","type-page","status-publish","hentry"],"_links":{"self":[{"href":"http:\/\/www.oscar-web.eu\/blog\/index.php?rest_route=\/wp\/v2\/pages\/2","targetHints":{"allow":["GET"]}}],"collection":[{"href":"http:\/\/www.oscar-web.eu\/blog\/index.php?rest_route=\/wp\/v2\/pages"}],"about":[{"href":"http:\/\/www.oscar-web.eu\/blog\/index.php?rest_route=\/wp\/v2\/types\/page"}],"author":[{"embeddable":true,"href":"http:\/\/www.oscar-web.eu\/blog\/index.php?rest_route=\/wp\/v2\/users\/1"}],"replies":[{"embeddable":true,"href":"http:\/\/www.oscar-web.eu\/blog\/index.php?rest_route=%2Fwp%2Fv2%2Fcomments&post=2"}],"version-history":[{"count":33,"href":"http:\/\/www.oscar-web.eu\/blog\/index.php?rest_route=\/wp\/v2\/pages\/2\/revisions"}],"predecessor-version":[{"id":738,"href":"http:\/\/www.oscar-web.eu\/blog\/index.php?rest_route=\/wp\/v2\/pages\/2\/revisions\/738"}],"wp:attachment":[{"href":"http:\/\/www.oscar-web.eu\/blog\/index.php?rest_route=%2Fwp%2Fv2%2Fmedia&parent=2"}],"curies":[{"name":"wp","href":"https:\/\/api.w.org\/{rel}","templated":true}]}}